{"id":14346,"date":"2025-05-21T09:41:18","date_gmt":"2025-05-21T07:41:18","guid":{"rendered":"https:\/\/team-mastery.eu\/cookies-policy\/"},"modified":"2025-05-30T10:02:46","modified_gmt":"2025-05-30T08:02:46","slug":"cookies-policy","status":"publish","type":"page","link":"https:\/\/team-mastery.eu\/it\/cookies-policy\/","title":{"rendered":"Cookies Policy"},"content":{"rendered":"<div class=\"wpb-content-wrapper\"><p>[vc_row][vc_column][vc_column_text css=&#8221;&#8221;]<strong>COOKIE POLICY &#8211; Informativa estesa sui cookie <\/strong><\/p>\n<hr \/>\n<p><strong>Cosa sono i cookie <\/strong><\/p>\n<p>I cookie sono piccoli file di testo che i siti visitati dagli utenti inviano ai loro terminali, ove vengono memorizzati per essere poi ritrasmessi agli stessi siti alla visita successiva. I cookie delle c.d. &#8220;terze parti&#8221; vengono, invece, impostati da un sito web diverso da quello che l\u00b4utente sta visitando. Questo perch\u00e9 su ogni sito possono essere presenti elementi (immagini, mappe, suoni, specifici link a pagine web di altri domini, ecc.) che risiedono su server diversi da quello del sito visitato. I cookie sono usati per differenti finalit\u00e0: esecuzione di autenticazioni informatiche, monitoraggio di sessioni, memorizzazione di informazioni su specifiche configurazioni riguardanti gli utenti che accedono al server, memorizzazione delle preferenze, ecc. \u00a0\u00a0Di seguito troverai tutte le informazioni sui cookie installati attraverso questo sito, e le indicazioni necessarie su come gestire le tue preferenze riguardo ad essi.<\/p>\n<p>Per maggiori informazioni sui cookie e sulle loro funzioni generali, visita un sito Web informativo come <a href=\"http:\/\/www.allaboutcookies.org\/\">allaboutcookies.org<\/a><strong>\u00a0<\/strong><\/p>\n<p><strong>Esempi di altre tecnologie<\/strong><\/p>\n<p><strong>Localstorage <\/strong><\/p>\n<p>\u00e8 una tecnologia utilizzata per ottimizzare la navigazione, che non raccoglie dati sulle preferenze manifestate dall\u2019utente (p.es. memorizza un codice che identifica la sessione dell\u2019utente dopo il login, per evitare che l\u2019utente debba inserire username e password in ogni pagina del profilo nell\u2019accesso alle aree riservate<\/p>\n<p><strong>Tracking pixel<\/strong><\/p>\n<p>\u201cCodice di tracciamento\u201d o \u201ccodice di monitoraggio\u201d, \u00e8 per l\u2019appunto una piccola porzione di codice che viene rilasciata da alcuni sistemi con lo scopo di essere implementato in altri per tracciare alcuni dati relativi all\u2019utente e alla sua sessione di navigazione o di apertura delle email, in maniera totalmente trasparente all\u2019utente stesso. I dati che vengono tracciati possono essere i pi\u00f9 diversi, come il giorno e l\u2019ora, la posizione geografica, il tipo di dispositivo adottato per la navigazione, fino ad arrivare nei pixel di tracking pi\u00f9 complessi a monitorare il valore speso per un ordine di acquisto ed altre informazioni utili per i reparti marketing delle aziende che li utilizzano.<\/p>\n<p><strong>Plugin<\/strong><\/p>\n<p>\u00e8 un programma che interagisce con un altro programma per ampliarne o estenderne le funzionalit\u00e0 originarie. I plugin maggiormente utilizzati sono quelli dei social network, che permettono p.es. all\u2019utente seguire con un click una pagina o un profilo social, di indicare con un click che ha gradito un contenuto web e di condividerlo sul proprio profilo social network, ecc.<\/p>\n<p><strong>Widget<\/strong><\/p>\n<p>\u00e8 un componente grafico di interfaccia utente di un programma, che ha lo scopo di facilitare all&#8217;utente l&#8217;interazione con il programma stesso. I widget maggiormente utilizzati sono quelli dei social network, che permettono agli utenti di aprire in modo agevole in una finestra separata del browser i social network.<\/p>\n<p>Questi servizi permettono di effettuare interazioni con i social network, o con altre piattaforme esterne, direttamente dalle pagine di un sito. Le interazioni e le informazioni eventualmente acquisite dal sito sono soggette alle impostazioni privacy del terzo che ha creato le tecnologie suddette. Per ricevere informazioni dettagliate ai sensi dell\u2019art. 13 Regolamento (UE) 2016\/679 in merito all\u2019utilizzo dei dati personali trattati quando usufruisci di queste tecnologie, ti invitiamo a visitare i siti internet dei terzi gestori delle suddette tecnologie.<\/p>\n<p><strong>\u00a0<\/strong><\/p>\n<p><strong>Ricordati che puoi gestire le tue preferenze sui cookie anche attraverso il browser <\/strong><\/p>\n<p>Se non conosci il tipo e la versione di browser che stai utilizzando, clicca su \u201cAiuto\u201d nella finestra del browser in alto, da cui puoi accedere a tutte le informazioni necessarie.\u00a0 Se invece conosci il tuo browser clicca su quello che stai utilizzando per accedere alla pagina di gestione dei cookie.\u00a0 Gli Utenti possono, per esempio, trovare informazioni su come gestire i Cookie in alcuni dei browser pi\u00f9 diffusi ai seguenti indirizzi:<\/p>\n<ul>\n<li><a href=\"https:\/\/support.google.com\/chrome\/answer\/95647?hl=it&amp;p=cpn_cookies\">Google Chrome<\/a><\/li>\n<li><a href=\"https:\/\/support.mozilla.org\/it\/kb\/Attivare%20e%20disattivare%20i%20cookie\">Mozilla Firefox<\/a><\/li>\n<li><a href=\"https:\/\/support.apple.com\/it-it\/guide\/safari\/manage-cookies-and-website-data-sfri11471\/\">Apple Safari<\/a><\/li>\n<li><a href=\"http:\/\/windows.microsoft.com\/it-it\/windows-vista\/block-or-allow-cookies\">Microsoft Internet Explorer<\/a><\/li>\n<li><a href=\"https:\/\/support.microsoft.com\/it-it\/help\/4027947\">Microsoft Edge<\/a><\/li>\n<li><a href=\"https:\/\/support.brave.com\/hc\/articles\/360022806212-How-do-I-use-Shields-while-browsing\">Brave<\/a><\/li>\n<li><a href=\"https:\/\/help.opera.com\/latest\/web-preferences\/#cookies\">Opera<\/a><\/li>\n<\/ul>\n<p>&nbsp;<\/p>\n<p>Per maggiori informazioni, visita la pagina <a href=\"http:\/\/www.youronlinechoices.eu\">www.youronlinechoices.eu<\/a><\/p>\n<p><strong>\u00a0<\/strong><\/p>\n<p><strong>Cookie utilizzati da questo sito<\/strong><\/p>\n<p><strong>\u00a0<\/strong><\/p>\n<p>L\u2019utilizzo di cookie da parte del titolare di questo sito, <strong>TEAM mastery S.r.l.<\/strong> con sede legale in Via Giuseppe Ferrari, 14 int. B \u2013 Como (CO) 22100, in persona del legale rappresentante pro-tempore. Tel. +39 031 766515, e-mail contact <a href=\"mailto:info@team-mastery.eu\">info@team-mastery.eu<\/a><u><br \/>\n<\/u><\/p>\n<p>si inquadra nella Privacy Policy dello stesso; per tutte le informazioni richieste dall\u2019art. 13 Regolamento UE 2016\/679 \u2013 GDPR<\/p>\n<p><strong>\u00a0<\/strong><\/p>\n<p>La chiusura del banner situato in bassa a sinistra (mediante selezione dell\u2019apposito comando attraverso il comando NEGA TUTTO) comporta il permanere delle impostazioni di default e dunque la continuazione della navigazione <em>in assenza<\/em> di cookie o altri strumenti di tracciamento diversi da quelli tecnici.<\/p>\n<p><strong>\u00a0<\/strong><\/p>\n<p><strong>Cookie tecnici che non richiedono consenso: <\/strong><\/p>\n<p>Cookie relativi ad attivit\u00e0 strettamente necessarie al funzionamento del sito e all\u2019erogazione del servizio<\/p>\n<table>\n<caption>\u00a0<\/caption>\n<thead>\n<tr>\n<th>Nome<\/th>\n<th>Dominio<\/th>\n<th>Fornitore<\/th>\n<th>Scadenza<\/th>\n<th><\/th>\n<\/tr>\n<\/thead>\n<tbody>\n<tr>\n<td>_GRECAPTCHA<\/td>\n<td>www.google.com<\/td>\n<td>Google (Modulo Recaptcha V3 per la sicurezza dei form)<\/td>\n<td>180 giorni<\/td>\n<td>Funzionale<\/td>\n<td><\/td>\n<\/tr>\n<tr>\n<td>_grecaptcha<\/td>\n<td>www.google.com<\/td>\n<td>Google (Modulo Recaptcha V3 per la sicurezza dei form)<\/td>\n<td>Persistente<\/td>\n<td>Funzionale<\/td>\n<\/tr>\n<tr>\n<td>wp-wpml_current_language<\/td>\n<td>team-mastery.eu<\/td>\n<td>OnTheGoSystems (Gestione multilingua)<\/td>\n<td>Sessione<\/td>\n<td>Funzionale<\/td>\n<\/tr>\n<tr>\n<td>wpEmojiSettingsSupports<\/td>\n<td>team-mastery.eu<\/td>\n<td>\n<div id=\"tta_output_ta\" class=\"tta_no_click_outline tta_output_hastxt tta_focusTextExtraExtraSmall\" dir=\"ltr\" lang=\"it\" tabindex=\"0\" data-placeholder=\"Traduzione\">Questo cookie \u00e8 utilizzato per abilitare il supporto per le emoji sulle pagine che utilizzano WordPress.<\/div>\n<\/td>\n<td>Sessione<\/td>\n<td>Funzionale<\/td>\n<\/tr>\n<tr>\n<td><em>PHPSESSID<\/em><\/td>\n<td>team-mastery.eu<\/td>\n<td>\u00a0Il cookie PHPSESSID \u00e8 un cookie nativo di PHP e consente ai siti Web di memorizzare dati sullo stato della sessione. Nel sito Web viene utilizzato per stabilire una sessione utente e per comunicare i dati sullo stato attraverso un cookie temporaneo, comunemente denominato cookie di sessione. Poich\u00e9 il cookie PHPSESSID non ha una scadenza temporale, scompare quando si chiude il client.<\/td>\n<td>chiusura browser<\/td>\n<td>Cookie tecnico<br \/>\nLocal storage<\/td>\n<\/tr>\n<tr>\n<td>cookiehub<\/td>\n<td>cookiehub<\/td>\n<td>Stores the user\u2019s consent status for cookies for the current domain<\/td>\n<td><\/td>\n<td>Local storage<\/td>\n<\/tr>\n<\/tbody>\n<\/table>\n<p><strong><br \/>\nCookie di statistica (equiparati tecnici) utilizzati per raccogliere informazioni in forma aggregata: <\/strong><\/p>\n<p>Il sito utilizza inoltre cookie di statistica di Terze Parti (Google Analytics) per raccogliere informazioni in forma aggregata, impostato come cookie tecnico ossia senza tracciamento dell\u2019IP dell\u2019Utente (dati utente non profilati a livello di IP) e senza condivisione dei dati con la Terza Parte.<br \/>\nAccesso alle informazioni della Terza Parte:<\/p>\n<p>Privacy Policy: <a href=\"http:\/\/www.google.com\/policies\/privacy\/\" target=\"_blank\" rel=\"noopener noreferrer\">http:\/\/www.google.com\/policies\/privacy\/<\/a><br \/>\nCookie Policy: <a href=\"https:\/\/developers.google.com\/analytics\/devguides\/collection\/analyticsjs\/cookie-usage\" target=\"_blank\" rel=\"noopener noreferrer\">https:\/\/developers.google.com\/analytics\/devguides\/collection\/analyticsjs\/cookie-usage<\/a><br \/>\nDisattivazione: <a href=\"https:\/\/tools.google.com\/dlpage\/gaoptout?hl=it\" target=\"_blank\" rel=\"noopener noreferrer\">https:\/\/tools.google.com\/dlpage\/gaoptout?hl=it<\/a><br \/>\nTutti i cookie tecnici non richiedono consenso, perci\u00f2 vengono installati automaticamente a seguito dell\u2019accesso al sito.<\/p>\n<p><strong>Cookie o altre tecnologie per cui \u00e8 richiesto il consenso <\/strong><\/p>\n<p>Tutti i cookie (o altre tecnologie), diversi da quelli tecnici sopra indicati vengono installati o attivati solo a seguito del <strong>consenso espresso <\/strong>dall\u2019utente la prima volta che visita il sito. Il consenso pu\u00f2 essere espresso in maniera generale, interagendo con il banner di informativa breve presente sulla pagina di approdo del sito, secondo le modalit\u00e0 indicate in tale banner; oppure pu\u00f2 essere fornito o negato in maniera selettiva, secondo le modalit\u00e0 indicate nel banner stesso. Di questo consenso viene tenuta traccia in occasione delle visite successive. Hai sempre la possibilit\u00e0 di revocare in tutto o in parte il consenso gi\u00e0 espresso.<\/p>\n<table>\n<caption>\u00a0<\/caption>\n<thead>\n<tr>\n<th>Nome<\/th>\n<th>Tipo<\/th>\n<th>Scadenza<\/th>\n<th>Scopo<\/th>\n<\/tr>\n<\/thead>\n<tbody>\n<tr>\n<td>_ga<\/td>\n<td>Terze Parti<\/td>\n<td>2 anni<\/td>\n<td>Google Analytics \u00e8 un servizio di analisi web fornito da Google Inc. (\u201cGoogle\u201d). Google utilizza i Dati Personali raccolti allo scopo di tracciare ed esaminare l\u2019utilizzo di questa Applicazione, compilare report e condividerli con gli altri servizi sviluppati da Google.<\/td>\n<\/tr>\n<tr>\n<td>_gat<\/td>\n<td>Terze Parti<\/td>\n<td>10 minuti<\/td>\n<td>Utilizzato da Google Analytics per limitare la frequenza delle richieste.<\/td>\n<\/tr>\n<tr>\n<td>_fbp<\/td>\n<td>Terze Parti<\/td>\n<td>3 mesi<\/td>\n<td>Raccoglie dati che ti aiutano a monitorare le conversioni dalle inserzioni di Facebook, ottimizzare le inserzioni, creare un pubblico mirato per annunci futuri e remarketing per le persone che hanno gi\u00e0 intrapreso qualche tipo di azione sul tuo sito web.<\/td>\n<\/tr>\n<tr>\n<td>_gid<\/td>\n<td>Terze Parti<\/td>\n<td>1 giorno<\/td>\n<td>Utilizzato da Google Analytics per memorizzare e contare le visualizzazioni di pagina.<\/td>\n<\/tr>\n<tr>\n<td>_NID _SID<\/td>\n<td>Terze Parti<\/td>\n<td>6 mesi<\/td>\n<td>Utilizzati da Google Analytics per fornire la pubblicazione di annunci o il retargeting, memorizzare le preferenze dell&#8217;utente.<span id=\"page23R_mcid8\" class=\"markedContent\"><\/span><\/td>\n<\/tr>\n<tr>\n<td>DOUBLECLICK<\/td>\n<td>Terze Parti<\/td>\n<td>30 giorni<\/td>\n<td>Il cookie Doubleclick cookie &#8211; id \u00e8 un cookie di rilevamento utilizzato da Google per migliorare la tua esperienza online, inclusa la visualizzazione di annunci pi\u00f9 rilevanti<\/td>\n<\/tr>\n<\/tbody>\n<\/table>\n<p><strong><br \/>\nGoogle Analytics (Google Inc.)<\/strong><br \/>\nGoogle Analytics \u00e8 un servizio di analisi web fornito da Google Inc. (\u201cGoogle\u201d). Google utilizza i Dati Personali raccolti allo scopo di tracciare ed esaminare l\u2019utilizzo di questa Applicazione, compilare report e condividerli con gli altri servizi sviluppati da Google.<\/p>\n<p>Utilizziamo cookies di terza parte delle piattaforme Google Analytics per raccogliere informazioni statistiche aggregate sull\u2019utilizzo del Sito da parte degli utenti (numero di visitatori, pagine visitate, tempo di permanenza sul sito ecc.).<\/p>\n<p>I dati raccolti attraverso questi cookie sono opportunamente anonimizzati.<\/p>\n<p>In particolare, viene operata la mascheratura dell\u2019indirizzo IP che cambia il modo in cui i cookie analitici utilizzano e memorizzano l\u2019indirizzo IP degli utenti del Sito.<\/p>\n<p>Per impostazione predefinita, i cookie analitici utilizzano l\u2019intero indirizzo IP degli utenti del Sito per fornire dati geografici di carattere generale nei rapporti.<\/p>\n<p>Quando viene attivata la mascheratura dell\u2019indirizzo IP; viene rimossa una parte dell\u2019indirizzo IP dell\u2019utente prima di utilizzarlo e memorizzarlo, riducendo in tal modo la precisione dei rapporti geografici (maggiori dettagli sulle anonimizzazioni di Google Analytics sono disponibili qui:<br \/>\n<a href=\"https:\/\/support.google.com\/analytics\/answer\/2763052?hl=it\">https:\/\/support.google.com\/analytics\/answer\/2763052?hl=it<\/a> e qui <a href=\"https:\/\/support.google.com\/analytics\/answer\/2905384?hl=it\">https:\/\/support.google.com\/analytics\/answer\/2905384?hl=it<\/a>)<\/p>\n<p>Google potrebbe utilizzare i Dati Personali per contestualizzare e personalizzare gli annunci del proprio network pubblicitario.<\/p>\n<p>Dati personali raccolti: Cookie e Dati di utilizzo.<\/p>\n<p>Luogo del trattamento : USA \u2013 <a href=\"http:\/\/www.google.com\/intl\/it\/policies\/privacy\/\" target=\"_blank\" rel=\"noopener noreferrer\">Privacy Policy<\/a> \u2013 <a href=\"http:\/\/tools.google.com\/dlpage\/gaoptout?hl=it\" target=\"_blank\" rel=\"noopener noreferrer\">Opt Out<\/a><\/p>\n<p>Pulsante Mi Piace e widget sociali di Facebook (Facebook, Inc.)<br \/>\nIl pulsante \u201cMi Piace\u201d e i widget sociali di Facebook sono servizi di interazione con il social network Facebook, forniti da Facebook, Inc. Dati personali raccolti: Cookie e Dati di utilizzo. Luogo del trattamento : USA \u2013 <a href=\"http:\/\/www.facebook.com\/privacy\/explanation.php\">Privacy Policy<\/a><\/p>\n<p><strong>Facebook Remarketing (Facebook, Inc.)<\/strong><br \/>\nFacebook Remarketing \u00e8 un servizio di Remarketing e Behavioral Targeting fornito da Facebook, Inc. che collega l\u2019attivit\u00e0 di questa Applicazione con il network di advertising Facebook.<\/p>\n<p>Dati personali raccolti: Cookie e Dati di utilizzo.<br \/>\nLuogo del trattamento: USA \u2013 <a href=\"https:\/\/www.facebook.com\/about\/privacy\/\" target=\"_blank\" rel=\"noopener noreferrer\">Privacy Policy<\/a> \u2013 <a href=\"http:\/\/www.aboutads.info\/choices\/\">Opt Out<\/a><\/p>\n<p>Data di aggiornamento, 22-02-2023[\/vc_column_text][\/vc_column][\/vc_row]<\/p>\n<\/div>","protected":false},"excerpt":{"rendered":"<p>[vc_row][vc_column][vc_column_text css=&#8221;&#8221;]COOKIE POLICY &#8211; Informativa estesa sui cookie Cosa sono i cookie I cookie sono piccoli file di testo che i siti visitati dagli utenti inviano ai loro terminali, ove vengono memorizzati per essere poi ritrasmessi agli stessi siti alla visita successiva. I cookie delle c.d. &#8220;terze parti&#8221; vengono, invece, impostati da un sito web &hellip; <a href=\"https:\/\/team-mastery.eu\/it\/cookies-policy\/\" class=\"more-link\" title=\"Continue reading <span class=\"screen-reader-text\">Cookies Policy<\/span>&#8220;>Continue reading <span class=\"screen-reader-text\">Cookies Policy<\/span><\/a><\/p>\n","protected":false},"author":2,"featured_media":0,"parent":0,"menu_order":0,"comment_status":"closed","ping_status":"open","template":"","meta":{"inline_featured_image":false,"footnotes":""},"class_list":["post-14346","page","type-page","status-publish","hentry"],"yoast_head":"<!-- This site is optimized with the Yoast SEO plugin v27.1.1 - https:\/\/yoast.com\/product\/yoast-seo-wordpress\/ -->\n<title>Cookies Policy - TEAM mastery<\/title>\n<meta name=\"robots\" content=\"index, follow, max-snippet:-1, max-image-preview:large, max-video-preview:-1\" \/>\n<link rel=\"canonical\" href=\"https:\/\/team-mastery.eu\/it\/cookies-policy\/\" \/>\n<meta property=\"og:locale\" content=\"it_IT\" \/>\n<meta property=\"og:type\" content=\"article\" \/>\n<meta property=\"og:title\" content=\"Cookies Policy - TEAM mastery\" \/>\n<meta property=\"og:description\" content=\"[vc_row][vc_column][vc_column_text css=&#8221;&#8221;]COOKIE POLICY &#8211; Informativa estesa sui cookie Cosa sono i cookie I cookie sono piccoli file di testo che i siti visitati dagli utenti inviano ai loro terminali, ove vengono memorizzati per essere poi ritrasmessi agli stessi siti alla visita successiva. I cookie delle c.d. &#8220;terze parti&#8221; vengono, invece, impostati da un sito web &hellip; Continue reading Cookies Policy\" \/>\n<meta property=\"og:url\" content=\"https:\/\/team-mastery.eu\/it\/cookies-policy\/\" \/>\n<meta property=\"og:site_name\" content=\"TEAM mastery\" \/>\n<meta property=\"article:modified_time\" content=\"2025-05-30T08:02:46+00:00\" \/>\n<meta name=\"twitter:card\" content=\"summary_large_image\" \/>\n<meta name=\"twitter:label1\" content=\"Tempo di lettura stimato\" \/>\n\t<meta name=\"twitter:data1\" content=\"7 minuti\" \/>\n<script type=\"application\/ld+json\" class=\"yoast-schema-graph\">{\"@context\":\"https:\/\/schema.org\",\"@graph\":[{\"@type\":\"WebPage\",\"@id\":\"https:\/\/team-mastery.eu\/it\/cookies-policy\/\",\"url\":\"https:\/\/team-mastery.eu\/it\/cookies-policy\/\",\"name\":\"Cookies Policy - TEAM mastery\",\"isPartOf\":{\"@id\":\"https:\/\/team-mastery.eu\/it\/#website\"},\"datePublished\":\"2025-05-21T07:41:18+00:00\",\"dateModified\":\"2025-05-30T08:02:46+00:00\",\"breadcrumb\":{\"@id\":\"https:\/\/team-mastery.eu\/it\/cookies-policy\/#breadcrumb\"},\"inLanguage\":\"it-IT\",\"potentialAction\":[{\"@type\":\"ReadAction\",\"target\":[\"https:\/\/team-mastery.eu\/it\/cookies-policy\/\"]}]},{\"@type\":\"BreadcrumbList\",\"@id\":\"https:\/\/team-mastery.eu\/it\/cookies-policy\/#breadcrumb\",\"itemListElement\":[{\"@type\":\"ListItem\",\"position\":1,\"name\":\"Home\",\"item\":\"https:\/\/team-mastery.eu\/it\/\"},{\"@type\":\"ListItem\",\"position\":2,\"name\":\"Cookies Policy\"}]},{\"@type\":\"WebSite\",\"@id\":\"https:\/\/team-mastery.eu\/it\/#website\",\"url\":\"https:\/\/team-mastery.eu\/it\/\",\"name\":\"TEAM mastery\",\"description\":\"Know the rules, play your market\",\"publisher\":{\"@id\":\"https:\/\/team-mastery.eu\/it\/#organization\"},\"potentialAction\":[{\"@type\":\"SearchAction\",\"target\":{\"@type\":\"EntryPoint\",\"urlTemplate\":\"https:\/\/team-mastery.eu\/it\/?s={search_term_string}\"},\"query-input\":{\"@type\":\"PropertyValueSpecification\",\"valueRequired\":true,\"valueName\":\"search_term_string\"}}],\"inLanguage\":\"it-IT\"},{\"@type\":\"Organization\",\"@id\":\"https:\/\/team-mastery.eu\/it\/#organization\",\"name\":\"TEAM mastery S.r.l.\",\"alternateName\":\"TEAM mastery\",\"url\":\"https:\/\/team-mastery.eu\/it\/\",\"logo\":{\"@type\":\"ImageObject\",\"inLanguage\":\"it-IT\",\"@id\":\"https:\/\/team-mastery.eu\/it\/#\/schema\/logo\/image\/\",\"url\":\"https:\/\/team-mastery.eu\/wp-content\/uploads\/2025\/02\/logo-team-mastery-2.png\",\"contentUrl\":\"https:\/\/team-mastery.eu\/wp-content\/uploads\/2025\/02\/logo-team-mastery-2.png\",\"width\":143,\"height\":70,\"caption\":\"TEAM mastery S.r.l.\"},\"image\":{\"@id\":\"https:\/\/team-mastery.eu\/it\/#\/schema\/logo\/image\/\"},\"sameAs\":[\"https:\/\/www.linkedin.com\/company\/team-mastery-s-r-l\/\",\"https:\/\/www.youtube.com\/@team-mastery\"]}]}<\/script>\n<!-- \/ Yoast SEO plugin. -->","yoast_head_json":{"title":"Cookies Policy - TEAM mastery","robots":{"index":"index","follow":"follow","max-snippet":"max-snippet:-1","max-image-preview":"max-image-preview:large","max-video-preview":"max-video-preview:-1"},"canonical":"https:\/\/team-mastery.eu\/it\/cookies-policy\/","og_locale":"it_IT","og_type":"article","og_title":"Cookies Policy - TEAM mastery","og_description":"[vc_row][vc_column][vc_column_text css=&#8221;&#8221;]COOKIE POLICY &#8211; Informativa estesa sui cookie Cosa sono i cookie I cookie sono piccoli file di testo che i siti visitati dagli utenti inviano ai loro terminali, ove vengono memorizzati per essere poi ritrasmessi agli stessi siti alla visita successiva. I cookie delle c.d. &#8220;terze parti&#8221; vengono, invece, impostati da un sito web &hellip; Continue reading Cookies Policy","og_url":"https:\/\/team-mastery.eu\/it\/cookies-policy\/","og_site_name":"TEAM mastery","article_modified_time":"2025-05-30T08:02:46+00:00","twitter_card":"summary_large_image","twitter_misc":{"Tempo di lettura stimato":"7 minuti"},"schema":{"@context":"https:\/\/schema.org","@graph":[{"@type":"WebPage","@id":"https:\/\/team-mastery.eu\/it\/cookies-policy\/","url":"https:\/\/team-mastery.eu\/it\/cookies-policy\/","name":"Cookies Policy - TEAM mastery","isPartOf":{"@id":"https:\/\/team-mastery.eu\/it\/#website"},"datePublished":"2025-05-21T07:41:18+00:00","dateModified":"2025-05-30T08:02:46+00:00","breadcrumb":{"@id":"https:\/\/team-mastery.eu\/it\/cookies-policy\/#breadcrumb"},"inLanguage":"it-IT","potentialAction":[{"@type":"ReadAction","target":["https:\/\/team-mastery.eu\/it\/cookies-policy\/"]}]},{"@type":"BreadcrumbList","@id":"https:\/\/team-mastery.eu\/it\/cookies-policy\/#breadcrumb","itemListElement":[{"@type":"ListItem","position":1,"name":"Home","item":"https:\/\/team-mastery.eu\/it\/"},{"@type":"ListItem","position":2,"name":"Cookies Policy"}]},{"@type":"WebSite","@id":"https:\/\/team-mastery.eu\/it\/#website","url":"https:\/\/team-mastery.eu\/it\/","name":"TEAM mastery","description":"Know the rules, play your market","publisher":{"@id":"https:\/\/team-mastery.eu\/it\/#organization"},"potentialAction":[{"@type":"SearchAction","target":{"@type":"EntryPoint","urlTemplate":"https:\/\/team-mastery.eu\/it\/?s={search_term_string}"},"query-input":{"@type":"PropertyValueSpecification","valueRequired":true,"valueName":"search_term_string"}}],"inLanguage":"it-IT"},{"@type":"Organization","@id":"https:\/\/team-mastery.eu\/it\/#organization","name":"TEAM mastery S.r.l.","alternateName":"TEAM mastery","url":"https:\/\/team-mastery.eu\/it\/","logo":{"@type":"ImageObject","inLanguage":"it-IT","@id":"https:\/\/team-mastery.eu\/it\/#\/schema\/logo\/image\/","url":"https:\/\/team-mastery.eu\/wp-content\/uploads\/2025\/02\/logo-team-mastery-2.png","contentUrl":"https:\/\/team-mastery.eu\/wp-content\/uploads\/2025\/02\/logo-team-mastery-2.png","width":143,"height":70,"caption":"TEAM mastery S.r.l."},"image":{"@id":"https:\/\/team-mastery.eu\/it\/#\/schema\/logo\/image\/"},"sameAs":["https:\/\/www.linkedin.com\/company\/team-mastery-s-r-l\/","https:\/\/www.youtube.com\/@team-mastery"]}]}},"_links":{"self":[{"href":"https:\/\/team-mastery.eu\/it\/wp-json\/wp\/v2\/pages\/14346","targetHints":{"allow":["GET"]}}],"collection":[{"href":"https:\/\/team-mastery.eu\/it\/wp-json\/wp\/v2\/pages"}],"about":[{"href":"https:\/\/team-mastery.eu\/it\/wp-json\/wp\/v2\/types\/page"}],"author":[{"embeddable":true,"href":"https:\/\/team-mastery.eu\/it\/wp-json\/wp\/v2\/users\/2"}],"replies":[{"embeddable":true,"href":"https:\/\/team-mastery.eu\/it\/wp-json\/wp\/v2\/comments?post=14346"}],"version-history":[{"count":11,"href":"https:\/\/team-mastery.eu\/it\/wp-json\/wp\/v2\/pages\/14346\/revisions"}],"predecessor-version":[{"id":14780,"href":"https:\/\/team-mastery.eu\/it\/wp-json\/wp\/v2\/pages\/14346\/revisions\/14780"}],"wp:attachment":[{"href":"https:\/\/team-mastery.eu\/it\/wp-json\/wp\/v2\/media?parent=14346"}],"curies":[{"name":"wp","href":"https:\/\/api.w.org\/{rel}","templated":true}]}}